{"id":1543,"date":"2024-09-13T19:25:57","date_gmt":"2024-09-13T19:25:57","guid":{"rendered":"https:\/\/mefazumsite.com.br\/wp\/?page_id=1543"},"modified":"2024-09-13T19:25:57","modified_gmt":"2024-09-13T19:25:57","slug":"recursos-humanos-hospital-dom-malan","status":"publish","type":"page","link":"https:\/\/mefazumsite.com.br\/wp\/recursos-humanos-hospital-dom-malan\/","title":{"rendered":"Recursos Humanos \u2013 Hospital Dom Malan"},"content":{"rendered":"<ul>\n<li><a href=\"https:\/\/mefazumsite.com.br\/wp\/wp-content\/uploads\/2024\/09\/MANUAL-RH-ISMEP-HRFB-28.10.2022-1.pdf\"><strong>Regulamento para recrutamento de pessoal<\/strong><\/a><\/li>\n<li><a href=\"https:\/\/mefazumsite.com.br\/wp\/wp-content\/uploads\/2024\/09\/QUANTITATIVO-SES-MINISTERIO.pdf\"><strong>Rela\u00e7\u00e3o de Servidores p\u00fablicos cedidos\u00a0 (PDF)<\/strong><\/a><\/li>\n<\/ul>\n","protected":false},"excerpt":{"rendered":"<p>Regulamento para recrutamento de pessoal Rela\u00e7\u00e3o de Servidores p\u00fablicos cedidos\u00a0 (PDF)<\/p>\n","protected":false},"author":1,"featured_media":0,"parent":0,"menu_order":0,"comment_status":"closed","ping_status":"closed","template":"","meta":{"rs_blank_template":"","rs_page_bg_color":"","slide_template_v7":"","footnotes":""},"class_list":["post-1543","page","type-page","status-publish","hentry","comments-off"],"_links":{"self":[{"href":"https:\/\/mefazumsite.com.br\/wp\/wp-json\/wp\/v2\/pages\/1543","targetHints":{"allow":["GET"]}}],"collection":[{"href":"https:\/\/mefazumsite.com.br\/wp\/wp-json\/wp\/v2\/pages"}],"about":[{"href":"https:\/\/mefazumsite.com.br\/wp\/wp-json\/wp\/v2\/types\/page"}],"author":[{"embeddable":true,"href":"https:\/\/mefazumsite.com.br\/wp\/wp-json\/wp\/v2\/users\/1"}],"replies":[{"embeddable":true,"href":"https:\/\/mefazumsite.com.br\/wp\/wp-json\/wp\/v2\/comments?post=1543"}],"version-history":[{"count":1,"href":"https:\/\/mefazumsite.com.br\/wp\/wp-json\/wp\/v2\/pages\/1543\/revisions"}],"predecessor-version":[{"id":1546,"href":"https:\/\/mefazumsite.com.br\/wp\/wp-json\/wp\/v2\/pages\/1543\/revisions\/1546"}],"wp:attachment":[{"href":"https:\/\/mefazumsite.com.br\/wp\/wp-json\/wp\/v2\/media?parent=1543"}],"curies":[{"name":"wp","href":"https:\/\/api.w.org\/{rel}","templated":true}]}}