{"id":883,"date":"2024-07-23T18:35:59","date_gmt":"2024-07-23T18:35:59","guid":{"rendered":"https:\/\/mefazumsite.com.br\/wp\/?page_id=883"},"modified":"2024-08-15T16:17:49","modified_gmt":"2024-08-15T16:17:49","slug":"contratos-gestao-ismep","status":"publish","type":"page","link":"https:\/\/mefazumsite.com.br\/wp\/contratos-gestao-ismep\/","title":{"rendered":"Contratos &#8211; Gest\u00e3o ISMEP"},"content":{"rendered":"<ul>\n<li><a href=\"https:\/\/mefazumsite.com.br\/wp\/wp-content\/uploads\/2024\/08\/CONTRATO-LOCALIZA-FLEET-S.A.pdf\">Contrato \u2013 Localiza Fleet S.A. | ISMEP<\/a><\/li>\n<li><a href=\"https:\/\/mefazumsite.com.br\/wp\/wp-content\/uploads\/2024\/08\/CONTRATO-EMPRESA-JULIANA-FERREIRA-LIMA-ME-MITS-TRANSPORTE-LOCACOES-E-SERVICOS-1.pdf\">Contrato \u2013 Juliana Ferreira Lima ME | ISMEP<\/a>\n<ul>\n<li><a href=\"https:\/\/mefazumsite.com.br\/wp\/wp-content\/uploads\/2024\/08\/PRIMEIRO-TERMO-ADITIVO-JULIANA-FERREIRA-LIMA-ME-MITS-TRANSPORTES-LOCACOES-E-SERVICOS.pdf\">Primeiro Termo Aditivo \u2013 Juliana Ferreira Lima ME | ISMEP<\/a><\/li>\n<\/ul>\n<\/li>\n<li><a href=\"https:\/\/mefazumsite.com.br\/wp\/wp-content\/uploads\/2024\/08\/CONTRATO-AMD-TECNOLOGIADA-INFORMACAO-E-SISTEMAS-LTDA.pdf\">Contrato \u2013 AMD Tecnologia da Informa\u00e7\u00e3o e Sistemas de Gest\u00e3o LTDA | ISMEP<\/a>\n<ul>\n<li><a href=\"https:\/\/mefazumsite.com.br\/wp\/wp-content\/uploads\/2024\/08\/PRIMEIRO-TERMO-ADITIVO-AMD-TECNOLOGIA-DA-INFORMACAO-E-SISTEMAS-LTDA-1.pdf\">Primeiro Termo aditivo \u2013 AMD Tecnologia da Informa\u00e7\u00e3o e Sistemas de Gest\u00e3o LTDA |ISMEP<\/a><\/li>\n<li><a href=\"https:\/\/mefazumsite.com.br\/wp\/wp-content\/uploads\/2024\/08\/SEGUNDO-TERMO-ADITIVO-AMD-TECNOLOGIA-DA-INFORMACAO-E-SISTEMAS-LTDA.pdf\">Segundo Termo aditivo \u2013 AMD Tecnologia da Informa\u00e7\u00e3o e Sistemas de Gest\u00e3o LTDA |ISMEP<\/a><\/li>\n<li><a href=\"https:\/\/mefazumsite.com.br\/wp\/wp-content\/uploads\/2024\/08\/TERCEIRO-TERMO-ADITIVO-AMD-TECNOLOGIA-DA-INFORMACAO-E-SISTEMAS-LTDA.pdf\">Terceiro Termo aditivo \u2013 AMD Tecnologia da Informa\u00e7\u00e3o e Sistemas de Gest\u00e3o LTDA |ISMEP<\/a><\/li>\n<\/ul>\n<\/li>\n<\/ul>\n","protected":false},"excerpt":{"rendered":"<p>Contrato \u2013 Localiza Fleet S.A. | ISMEP Contrato \u2013 Juliana Ferreira Lima ME | ISMEP Primeiro Termo Aditivo \u2013 Juliana<\/p>\n","protected":false},"author":1,"featured_media":0,"parent":0,"menu_order":0,"comment_status":"closed","ping_status":"closed","template":"","meta":{"footnotes":""},"class_list":["post-883","page","type-page","status-publish","hentry","comments-off"],"_links":{"self":[{"href":"https:\/\/mefazumsite.com.br\/wp\/wp-json\/wp\/v2\/pages\/883","targetHints":{"allow":["GET"]}}],"collection":[{"href":"https:\/\/mefazumsite.com.br\/wp\/wp-json\/wp\/v2\/pages"}],"about":[{"href":"https:\/\/mefazumsite.com.br\/wp\/wp-json\/wp\/v2\/types\/page"}],"author":[{"embeddable":true,"href":"https:\/\/mefazumsite.com.br\/wp\/wp-json\/wp\/v2\/users\/1"}],"replies":[{"embeddable":true,"href":"https:\/\/mefazumsite.com.br\/wp\/wp-json\/wp\/v2\/comments?post=883"}],"version-history":[{"count":3,"href":"https:\/\/mefazumsite.com.br\/wp\/wp-json\/wp\/v2\/pages\/883\/revisions"}],"predecessor-version":[{"id":1030,"href":"https:\/\/mefazumsite.com.br\/wp\/wp-json\/wp\/v2\/pages\/883\/revisions\/1030"}],"wp:attachment":[{"href":"https:\/\/mefazumsite.com.br\/wp\/wp-json\/wp\/v2\/media?parent=883"}],"curies":[{"name":"wp","href":"https:\/\/api.w.org\/{rel}","templated":true}]}}