{"id":918,"date":"2024-08-15T13:27:50","date_gmt":"2024-08-15T13:27:50","guid":{"rendered":"https:\/\/mefazumsite.com.br\/wp\/?page_id=918"},"modified":"2024-10-03T02:21:56","modified_gmt":"2024-10-03T02:21:56","slug":"transparencia-ismep","status":"publish","type":"page","link":"https:\/\/mefazumsite.com.br\/wp\/transparencia-ismep\/","title":{"rendered":"Transpar\u00eancia &#8211; ISMEP"},"content":{"rendered":"<div class=\"wpb-content-wrapper\"><p>[vc_row][vc_column][vc_tta_tour style=&#8221;modern&#8221; color=&#8221;blue&#8221; active_section=&#8221;1&#8243;][vc_tta_section title=&#8221;Escrit\u00f3rio de Gest\u00e3o Ismep&#8221; tab_id=&#8221;1723733130114-0210a1dc-3a43&#8243;][vc_column_text css=&#8221;&#8221;]<\/p>\n<ul>\n<li><a href=\"https:\/\/mefazumsite.com.br\/wp\/contratos-gestao-ismep\/\"><strong>Contratos | Escrit\u00f3rio de Gest\u00e3o<\/strong><\/a><\/li>\n<li><a href=\"https:\/\/mefazumsite.com.br\/wp\/demonstrativos-financeiros\/\"><strong>Demonstrativos Financeiros<\/strong><\/a><\/li>\n<li><a href=\"https:\/\/mefazumsite.com.br\/wp\/portarias\/\"><strong>Portarias\u00a0<\/strong><\/a><\/li>\n<li><a href=\"https:\/\/mefazumsite.com.br\/wp\/nosso-time\/\"><strong>Nosso time<\/strong><\/a><\/li>\n<li><a href=\"https:\/\/mefazumsite.com.br\/wp\/transparencia-ismep\/\"><strong>Unidades<\/strong><\/a><\/li>\n<li><a href=\"https:\/\/mefazumsite.com.br\/wp\/realizacoes-e-metas\/\"><strong>Realiza\u00e7\u00f5es e Metas<\/strong><\/a><\/li>\n<\/ul>\n<p>[\/vc_column_text][\/vc_tta_section][vc_tta_section title=&#8221;Hospital e Maternidade Santa Maria&#8221; tab_id=&#8221;1723733130115-c948bc68-6c98&#8243;][vc_column_text css=&#8221;&#8221;]<img fetchpriority=\"high\" decoding=\"async\" class=\"alignleft\" src=\"https:\/\/ismep.org.br\/wp-content\/uploads\/2022\/06\/hospital-santa-marika-araripina.jpg\" width=\"481\" height=\"320\" \/>[\/vc_column_text][vc_column_text css=&#8221;&#8221;]&nbsp;<\/p>\n<p>&nbsp;<\/p>\n<p>&nbsp;<\/p>\n<p>&nbsp;<\/p>\n<p>&nbsp;<\/p>\n<p>&nbsp;<\/p>\n<ul>\n<li><a href=\"https:\/\/mefazumsite.com.br\/wp\/convenios-ministerio-da-saude-secretaria-municipal-de-saude\/\"><strong>Conv\u00eanios &#8211; Minist\u00e9rio da Sa\u00fade &amp;<br \/>\nSecretaria Municipal de Sa\u00fade<\/strong><\/a><\/li>\n<li><a href=\"https:\/\/mefazumsite.com.br\/wp\/transparencia-hmsm\/\"><strong>Transpar\u00eancia<\/strong><\/a><\/li>\n<li><a href=\"https:\/\/mefazumsite.com.br\/wp\/transparencia-covid-19-hmsm\/\"><strong>Transpar\u00eancia Covid-19<\/strong><\/a><\/li>\n<li><a href=\"https:\/\/mefazumsite.com.br\/wp\/wp-content\/uploads\/2024\/08\/Regulamento-de-Compras-e-Contratacoes-de-Obras-e-Servicos-1-1.pdf\"><strong>Regulamenta\u00e7\u00f5es\u00a0<\/strong><\/a><\/li>\n<li><a href=\"https:\/\/mefazumsite.com.br\/wp\/comissoes-hospital-e-maternidade-santa-maria\/\"><strong>Comiss\u00f5es<\/strong><\/a><\/li>\n<\/ul>\n<p>[\/vc_column_text][\/vc_tta_section][vc_tta_section title=&#8221;Hospital Regional Fernando Bezerra&#8221; tab_id=&#8221;1723734174548-20de14bb-6289&#8243;][vc_column_text css=&#8221;&#8221;]<img decoding=\"async\" class=\"\" src=\"https:\/\/ismep.org.br\/wp-content\/uploads\/2022\/06\/Hospital-Regional-Fernado-Bezerra-e1585349819342.jpg\" width=\"526\" height=\"241\" \/>[\/vc_column_text][vc_column_text css=&#8221;&#8221;]<\/p>\n<ul>\n<li><a href=\"https:\/\/mefazumsite.com.br\/wp\/institucional-hospital-regional-fernando-bezerra\/\"><strong>Institucional<\/strong><\/a><\/li>\n<li><a href=\"https:\/\/mefazumsite.com.br\/wp\/estrutura-organizacional-hrfb\/\"><strong>Estrutura Organizacional<\/strong><\/a><\/li>\n<li><a href=\"https:\/\/mefazumsite.com.br\/wp\/membros-dirigentes-ismep\/\"><strong>Membros Dirigentes<\/strong><\/a><\/li>\n<li><a href=\"https:\/\/mefazumsite.com.br\/wp\/contratacoes-hospital-regional-fernando-bezerra\/\"><strong>Contrata\u00e7\u00f5es<\/strong><\/a><\/li>\n<li><a href=\"https:\/\/mefazumsite.com.br\/wp\/plano-de-trabalho-hrfb\/\"><strong>Plano de Trabalho &#8211; Emendas parlamentares<\/strong><\/a><\/li>\n<li><a href=\"https:\/\/mefazumsite.com.br\/wp\/competencias\/#1681134764562-1c238827-34be\"><strong>Compet\u00eancias<\/strong><\/a><\/li>\n<li><a href=\"https:\/\/mefazumsite.com.br\/wp\/contrato-de-gestao-hospital-regional-fernando-bezerra-hrfb\/\"><strong>Contrato de Gest\u00e3o e Aditivos<\/strong><\/a><\/li>\n<li><a href=\"https:\/\/mefazumsite.com.br\/wp\/decreto-de-qualificacao-ismep-oss\/\"><strong>Decreto de Qualifica\u00e7\u00e3o OSS<\/strong><\/a><\/li>\n<li><a href=\"https:\/\/mefazumsite.com.br\/wp\/estatuto-social-e-atas\/\"><strong>Estatuto Social e Atas<\/strong><\/a><\/li>\n<li><a href=\"https:\/\/mefazumsite.com.br\/wp\/documentacoes-de-regularidade-hrfb\/\"><strong>Documenta\u00e7\u00e3o de Regularidade<\/strong><\/a><\/li>\n<li><a href=\"https:\/\/mefazumsite.com.br\/wp\/relatorio-financeiro-e-de-execucao-hospital-regional-fernando-bezerra\/\"><strong>Relat\u00f3rios Financeiros e de Execu\u00e7\u00e3o<\/strong><\/a><\/li>\n<li><a href=\"https:\/\/mefazumsite.com.br\/wp\/demonstrativos-financeiros-hospital-regional-fernando-bezerra-hrfb\/\"><strong>Demonstrativos Financeiros<\/strong><\/a><\/li>\n<li><a href=\"https:\/\/mefazumsite.com.br\/wp\/relatorios-assistenciais-hrfb\/#1658995843931-ab6fffb9-649a\"><strong>Relat\u00f3rio Assistencial<\/strong><\/a><\/li>\n<li><a href=\"https:\/\/mefazumsite.com.br\/wp\/repasses-recebidos-e-descontos-hrfb\/\"><strong>Repasses Recebidos e Descontos<\/strong><\/a><\/li>\n<li><a href=\"https:\/\/mefazumsite.com.br\/wp\/demonstracoes-contabeis-hrfb\/#1680119608600-b3fdf4ec-7ec9\"><strong>Demonstra\u00e7\u00f5es Cont\u00e1beis e Pareceres<\/strong><\/a><\/li>\n<li><a href=\"https:\/\/mefazumsite.com.br\/wp\/recursos-humanos-hospital-regional-fernando-bezerra-hrfb\/\"><strong>Recursos Humanos<\/strong><\/a><\/li>\n<li><a href=\"https:\/\/mefazumsite.com.br\/wp\/editais-hrfb\/\"><strong>Editais<\/strong><\/a><\/li>\n<li><a href=\"https:\/\/mefazumsite.com.br\/wp\/bens-publicos-hrfb\/\"><strong>Bens P\u00fablicos<\/strong><\/a><\/li>\n<li><a href=\"https:\/\/mefazumsite.com.br\/wp\/servico-de-informacao-ao-cidadao-sic\/\"><strong>Servi\u00e7o de Informa\u00e7\u00e3o ao Cidad\u00e3o &#8211; SIC<\/strong><\/a><\/li>\n<\/ul>\n<p>[\/vc_column_text][\/vc_tta_section][vc_tta_section title=&#8221;Hospital Dom Malan&#8221; tab_id=&#8221;1723733134987-f0ae3d44-34c8&#8243;][vc_column_text css=&#8221;&#8221;]<img decoding=\"async\" class=\"alignnone\" src=\"https:\/\/ismep.org.br\/wp-content\/uploads\/2023\/04\/download-1.jpg\" alt=\"\" width=\"425\" height=\"239\" \/>[\/vc_column_text][vc_column_text css=&#8221;&#8221;]<\/p>\n<ul>\n<li><a href=\"https:\/\/mefazumsite.com.br\/wp\/institucional-dom-malan\/\"><strong>Institucional<\/strong><\/a><\/li>\n<li><a href=\"https:\/\/mefazumsite.com.br\/wp\/estrutura-organizacional-hospital-dom-malan\/\"><strong>Estrutura Organizacional<\/strong><\/a><\/li>\n<li><a href=\"https:\/\/mefazumsite.com.br\/wp\/membros-dirigentes-ismep\/\"><strong>Membros Dirigentes<\/strong><\/a><\/li>\n<li><a href=\"https:\/\/mefazumsite.com.br\/wp\/contratacoes-hospital-dom-malan\/#1680533315978-47fb4c9e-6d82\"><strong>Contrata\u00e7\u00f5es<\/strong><\/a><\/li>\n<li><a href=\"https:\/\/mefazumsite.com.br\/wp\/emendas-parlamentares-hospital-dom-malan\/\"><strong>Plano de Trabalho &#8211; Emendas parlamentares<\/strong><\/a><\/li>\n<li><a href=\"https:\/\/mefazumsite.com.br\/wp\/competencias\/#1681134764562-1c238827-34be\"><strong>Compet\u00eancias<\/strong><\/a><\/li>\n<li><a href=\"https:\/\/mefazumsite.com.br\/wp\/contrato-de-gestao-hospital-dom-malan\/\"><strong>Contrato de Gest\u00e3o e Aditivos<\/strong><\/a><\/li>\n<li><a href=\"https:\/\/mefazumsite.com.br\/wp\/decreto-de-qualificacao-ismep-oss\/\"><strong>Decreto de Qualifica\u00e7\u00e3o OSS<\/strong><\/a><\/li>\n<li><a href=\"https:\/\/mefazumsite.com.br\/wp\/estatuto-social-e-atas\/\"><strong>Estatuto Social e Atas<\/strong><\/a><\/li>\n<li><a href=\"https:\/\/mefazumsite.com.br\/wp\/documentacoes-de-regularidade-hdm\/\"><strong>Documenta\u00e7\u00e3o de Regularidade<\/strong><\/a><\/li>\n<li><a href=\"https:\/\/mefazumsite.com.br\/wp\/relatorios-financeiros-e-de-execucao-hospital-dom-malan\/\"><strong>Relat\u00f3rios Financeiros e de Execu\u00e7\u00e3o<\/strong><\/a><\/li>\n<li><a href=\"https:\/\/mefazumsite.com.br\/wp\/demonstrativos-financeiros-hdm\/#1677247494763-decd638c-89c7\"><strong>Demonstrativos Financeiros<\/strong><\/a><\/li>\n<li><a href=\"https:\/\/mefazumsite.com.br\/wp\/relatorios-assistenciais-hdm\/\"><strong>Relat\u00f3rio Assistencial<\/strong><\/a><\/li>\n<li><a href=\"https:\/\/mefazumsite.com.br\/wp\/repasses-recebidos-hospital-dom-malan\/#1716345076308-d530a060-37e3\"><strong>Repasses Recebidos e Descontos<\/strong><\/a><\/li>\n<li><a href=\"https:\/\/mefazumsite.com.br\/wp\/demonstracoes-contabeis-e-pareceres-hospital-dom-malan\/\"><strong>Demonstra\u00e7\u00f5es Cont\u00e1beis e Pareceres<\/strong><\/a><\/li>\n<li><a href=\"https:\/\/mefazumsite.com.br\/wp\/recursos-humanos-hospital-dom-malan\/\"><strong>Recursos Humanos<\/strong><\/a><\/li>\n<li><a href=\"https:\/\/mefazumsite.com.br\/wp\/editais-hospital-dom-malan\/\"><strong>Editais<\/strong><\/a><\/li>\n<li><a href=\"https:\/\/mefazumsite.com.br\/wp\/relatorio-de-bens-publicos-hospital-dom-malan\/\"><strong>Bens P\u00fablicos<\/strong><\/a><\/li>\n<li><a href=\"https:\/\/mefazumsite.com.br\/wp\/servico-de-informacao-ao-cidadao-sic\/\"><strong>Servi\u00e7o de Informa\u00e7\u00e3o ao Cidad\u00e3o &#8211; SIC<\/strong><\/a><\/li>\n<\/ul>\n<p>[\/vc_column_text][\/vc_tta_section][vc_tta_section title=&#8221;UPAE Ouricuri&#8221; tab_id=&#8221;1723734138645-03f38b11-1c1f&#8221;][vc_column_text css=&#8221;&#8221;]<img loading=\"lazy\" decoding=\"async\" class=\"\" src=\"https:\/\/ismep.org.br\/wp-content\/uploads\/2022\/06\/OUricuri-1.jpg\" width=\"494\" height=\"279\" \/>[\/vc_column_text][vc_column_text css=&#8221;&#8221;]<\/p>\n<ul>\n<li><strong>Institucional<\/strong><\/li>\n<li><strong>Estrutura Organizacional<\/strong><\/li>\n<li><a href=\"https:\/\/mefazumsite.com.br\/wp\/membros-dirigentes-ismep\/\"><strong>Membros Dirigentes<\/strong><\/a><\/li>\n<li><a href=\"https:\/\/mefazumsite.com.br\/wp\/contratacoes-upae-ouricuri\/#1680120138667-350f3f14-a33f\"><strong>Contrata\u00e7\u00f5es<\/strong><\/a><\/li>\n<li><strong>Plano de Trabalho &#8211; Emendas parlamentares<\/strong><\/li>\n<li><a href=\"https:\/\/mefazumsite.com.br\/wp\/competencias\/#1681134764562-1c238827-34be\"><strong>Compet\u00eancias<\/strong><\/a><\/li>\n<li><strong>Contrato de Gest\u00e3o e Aditivos<\/strong><\/li>\n<li><a href=\"https:\/\/mefazumsite.com.br\/wp\/decreto-de-qualificacao-ismep-oss\/\"><strong>Decreto de Qualifica\u00e7\u00e3o OSS<\/strong><\/a><\/li>\n<li><a href=\"https:\/\/mefazumsite.com.br\/wp\/estatuto-social-e-atas\/\"><strong>Estatuto Social e Atas<\/strong><\/a><\/li>\n<li><strong>Documenta\u00e7\u00e3o de Regularidade<\/strong><\/li>\n<li><strong>Relat\u00f3rios Financeiros e de Execu\u00e7\u00e3o<\/strong><\/li>\n<li><strong>Demonstrativos Financeiros<\/strong><\/li>\n<li><strong>Relat\u00f3rio Assistencial<\/strong><\/li>\n<li><strong>Repasses Recebidos e Descontos<\/strong><\/li>\n<li><strong>Demonstra\u00e7\u00f5es Cont\u00e1beis e Pareceres<\/strong><\/li>\n<li><strong>Recursos Humanos<\/strong><\/li>\n<li><strong>Editais<\/strong><\/li>\n<li><strong>Bens P\u00fablicos<\/strong><\/li>\n<li><a href=\"https:\/\/mefazumsite.com.br\/wp\/servico-de-informacao-ao-cidadao-sic\/\"><strong>Servi\u00e7o de Informa\u00e7\u00e3o ao Cidad\u00e3o &#8211; SIC<\/strong><\/a><\/li>\n<\/ul>\n<p>[\/vc_column_text][\/vc_tta_section][vc_tta_section title=&#8221;UPA Barra de Jangada&#8221; tab_id=&#8221;1723734155996-64fb7264-6cb8&#8243;][vc_column_text css=&#8221;&#8221;]<img loading=\"lazy\" decoding=\"async\" class=\"\" src=\"https:\/\/ismep.org.br\/wp-content\/uploads\/2022\/06\/download-1.jpg\" width=\"434\" height=\"244\" \/>[\/vc_column_text][vc_column_text css=&#8221;&#8221;]<\/p>\n<ul>\n<li><strong>Institucional<\/strong><\/li>\n<li><strong>Estrutura Organizacional<\/strong><\/li>\n<li><a href=\"https:\/\/mefazumsite.com.br\/wp\/membros-dirigentes-ismep\/\"><strong>Membros Dirigentes<\/strong><\/a><\/li>\n<li><strong>Contrata\u00e7\u00f5es<\/strong><\/li>\n<li><strong>Plano de Trabalho &#8211; Emendas parlamentares<\/strong><\/li>\n<li><a href=\"https:\/\/mefazumsite.com.br\/wp\/competencias\/#1681134764562-1c238827-34be\"><strong>Compet\u00eancias<\/strong><\/a><\/li>\n<li><strong>Contrato de Gest\u00e3o e Aditivos<\/strong><\/li>\n<li><a href=\"https:\/\/mefazumsite.com.br\/wp\/decreto-de-qualificacao-ismep-oss\/\"><strong>Decreto de Qualifica\u00e7\u00e3o OSS<\/strong><\/a><\/li>\n<li><a href=\"https:\/\/mefazumsite.com.br\/wp\/estatuto-social-e-atas\/\"><strong>Estatuto Social e Atas<\/strong><\/a><\/li>\n<li><strong>Documenta\u00e7\u00e3o de Regularidade<\/strong><\/li>\n<li><strong>Relat\u00f3rios Financeiros e de Execu\u00e7\u00e3o<\/strong><\/li>\n<li><strong>Demonstrativos Financeiros<\/strong><\/li>\n<li><strong>Relat\u00f3rio Assistencial<\/strong><\/li>\n<li><strong>Repasses Recebidos e Descontos<\/strong><\/li>\n<li><strong>Demonstra\u00e7\u00f5es Cont\u00e1beis e Pareceres<\/strong><\/li>\n<li><strong>Recursos Humanos<\/strong><\/li>\n<li><strong>Editais<\/strong><\/li>\n<li><strong>Bens P\u00fablicos<\/strong><\/li>\n<li><a href=\"https:\/\/mefazumsite.com.br\/wp\/servico-de-informacao-ao-cidadao-sic\/\"><strong>Servi\u00e7o de Informa\u00e7\u00e3o ao Cidad\u00e3o &#8211; SIC<\/strong><\/a><\/li>\n<\/ul>\n<p>[\/vc_column_text][\/vc_tta_section][vc_tta_section title=&#8221;UPA Olinda&#8221; tab_id=&#8221;1723734162164-7419d7b1-27f1&#8243;][vc_column_text css=&#8221;&#8221;]<img loading=\"lazy\" decoding=\"async\" class=\"\" src=\"https:\/\/ismep.org.br\/wp-content\/uploads\/2022\/06\/20220112182256697040e.jpg\" width=\"473\" height=\"304\" \/>[\/vc_column_text][vc_column_text css=&#8221;&#8221;]<\/p>\n<ul>\n<li><strong>Institucional<\/strong><\/li>\n<li><strong>Estrutura Organizacional<\/strong><\/li>\n<li><a href=\"https:\/\/mefazumsite.com.br\/wp\/membros-dirigentes-ismep\/\"><strong>Membros Dirigentes<\/strong><\/a><\/li>\n<li><strong>Contrata\u00e7\u00f5es<\/strong><\/li>\n<li><strong>Plano de Trabalho &#8211; Emendas parlamentares<\/strong><\/li>\n<li><a href=\"https:\/\/mefazumsite.com.br\/wp\/competencias\/#1681134764562-1c238827-34be\"><strong>Compet\u00eancias<\/strong><\/a><\/li>\n<li><strong>Contrato de Gest\u00e3o e Aditivos<\/strong><\/li>\n<li><a href=\"https:\/\/mefazumsite.com.br\/wp\/decreto-de-qualificacao-ismep-oss\/\"><strong>Decreto de Qualifica\u00e7\u00e3o OSS<\/strong><\/a><\/li>\n<li><a href=\"https:\/\/mefazumsite.com.br\/wp\/estatuto-social-e-atas\/\"><strong>Estatuto Social e Atas<\/strong><\/a><\/li>\n<li><strong>Documenta\u00e7\u00e3o de Regularidade<\/strong><\/li>\n<li><strong>Relat\u00f3rios Financeiros e de Execu\u00e7\u00e3o<\/strong><\/li>\n<li><strong>Demonstrativos Financeiros<\/strong><\/li>\n<li><strong>Relat\u00f3rio Assistencial<\/strong><\/li>\n<li><strong>Repasses Recebidos e Descontos<\/strong><\/li>\n<li><strong>Demonstra\u00e7\u00f5es Cont\u00e1beis e Pareceres<\/strong><\/li>\n<li><strong>Recursos Humanos<\/strong><\/li>\n<li><strong>Editais<\/strong><\/li>\n<li><strong>Bens P\u00fablicos<\/strong><\/li>\n<li><a href=\"https:\/\/mefazumsite.com.br\/wp\/servico-de-informacao-ao-cidadao-sic\/\"><strong>Servi\u00e7o de Informa\u00e7\u00e3o ao Cidad\u00e3o &#8211; SIC<\/strong><\/a><\/li>\n<\/ul>\n<p>[\/vc_column_text][\/vc_tta_section][vc_tta_section title=&#8221;UPAE Goiana&#8221; tab_id=&#8221;1723734165972-ffb8eac8-3ae7&#8243;][vc_column_text css=&#8221;&#8221;]<img decoding=\"async\" src=\"https:\/\/ismep.org.br\/wp-content\/uploads\/2022\/06\/upae-goiana.jpg\" \/>[\/vc_column_text][vc_column_text css=&#8221;&#8221;]<\/p>\n<ul>\n<li><strong>Institucional<\/strong><\/li>\n<li><strong>Estrutura Organizacional<\/strong><\/li>\n<li><a href=\"https:\/\/mefazumsite.com.br\/wp\/membros-dirigentes-ismep\/\"><strong>Membros Dirigentes<\/strong><\/a><\/li>\n<li><strong>Contrata\u00e7\u00f5es<\/strong><\/li>\n<li><strong>Plano de Trabalho &#8211; Emendas parlamentares<\/strong><\/li>\n<li><a href=\"https:\/\/mefazumsite.com.br\/wp\/competencias\/#1681134764562-1c238827-34be\"><strong>Compet\u00eancias<\/strong><\/a><\/li>\n<li><strong>Contrato de Gest\u00e3o e Aditivos<\/strong><\/li>\n<li><a href=\"https:\/\/mefazumsite.com.br\/wp\/decreto-de-qualificacao-ismep-oss\/\"><strong>Decreto de Qualifica\u00e7\u00e3o OSS<\/strong><\/a><\/li>\n<li><a href=\"https:\/\/mefazumsite.com.br\/wp\/estatuto-social-e-atas\/\"><strong>Estatuto Social e Atas<\/strong><\/a><\/li>\n<li><strong>Documenta\u00e7\u00e3o de Regularidade<\/strong><\/li>\n<li><strong>Relat\u00f3rios Financeiros e de Execu\u00e7\u00e3o<\/strong><\/li>\n<li><strong>Demonstrativos Financeiros<\/strong><\/li>\n<li><strong>Relat\u00f3rio Assistencial<\/strong><\/li>\n<li><strong>Repasses Recebidos e Descontos<\/strong><\/li>\n<li><strong>Demonstra\u00e7\u00f5es Cont\u00e1beis e Pareceres<\/strong><\/li>\n<li><strong>Recursos Humanos<\/strong><\/li>\n<li><strong>Editais<\/strong><\/li>\n<li><strong>Bens P\u00fablicos<\/strong><\/li>\n<li><a href=\"https:\/\/mefazumsite.com.br\/wp\/servico-de-informacao-ao-cidadao-sic\/\"><strong>Servi\u00e7o de Informa\u00e7\u00e3o ao Cidad\u00e3o &#8211; SIC<\/strong><\/a><\/li>\n<\/ul>\n<p>[\/vc_column_text][\/vc_tta_section][vc_tta_section title=&#8221;Hospital de Campanha de Petrolina&#8221; tab_id=&#8221;1723734169851-f7e750f8-6860&#8243;][vc_column_text css=&#8221;&#8221;]<img decoding=\"async\" src=\"https:\/\/ismep.org.br\/wp-content\/uploads\/2022\/06\/FotoJet-3.jpg\" \/>[\/vc_column_text][vc_column_text css=&#8221;&#8221;]<\/p>\n<ul>\n<li><strong>Institucional<\/strong><\/li>\n<li><strong>Estrutura Organizacional<\/strong><\/li>\n<li><a href=\"https:\/\/mefazumsite.com.br\/wp\/membros-dirigentes-ismep\/\"><strong>Membros Dirigentes<\/strong><\/a><\/li>\n<li><strong>Contrata\u00e7\u00f5es<\/strong><\/li>\n<li><strong>Plano de Trabalho &#8211; Emendas parlamentares<\/strong><\/li>\n<li><a href=\"https:\/\/mefazumsite.com.br\/wp\/competencias\/#1681134764562-1c238827-34be\"><strong>Compet\u00eancias<\/strong><\/a><\/li>\n<li><strong>Contrato de Gest\u00e3o e Aditivos<\/strong><\/li>\n<li><a href=\"https:\/\/mefazumsite.com.br\/wp\/decreto-de-qualificacao-ismep-oss\/\"><strong>Decreto de Qualifica\u00e7\u00e3o OSS<\/strong><\/a><\/li>\n<li><a href=\"https:\/\/mefazumsite.com.br\/wp\/estatuto-social-e-atas\/\"><strong>Estatuto Social e Atas<\/strong><\/a><\/li>\n<li><strong>Documenta\u00e7\u00e3o de Regularidade<\/strong><\/li>\n<li><strong>Relat\u00f3rios Financeiros e de Execu\u00e7\u00e3o<\/strong><\/li>\n<li><strong>Demonstrativos Financeiros<\/strong><\/li>\n<li><strong>Relat\u00f3rio Assistencial<\/strong><\/li>\n<li><strong>Repasses Recebidos e Descontos<\/strong><\/li>\n<li><strong>Demonstra\u00e7\u00f5es Cont\u00e1beis e Pareceres<\/strong><\/li>\n<li><strong>Recursos Humanos<\/strong><\/li>\n<li><strong>Editais<\/strong><\/li>\n<li><strong>Bens P\u00fablicos<\/strong><\/li>\n<li><a href=\"https:\/\/mefazumsite.com.br\/wp\/servico-de-informacao-ao-cidadao-sic\/\"><strong>Servi\u00e7o de Informa\u00e7\u00e3o ao Cidad\u00e3o &#8211; SIC<\/strong><\/a><\/li>\n<\/ul>\n<p>[\/vc_column_text][\/vc_tta_section][\/vc_tta_tour][\/vc_column][\/vc_row]<\/p>\n<\/div>","protected":false},"excerpt":{"rendered":"<p>[vc_row][vc_column][vc_tta_tour style=&#8221;modern&#8221; color=&#8221;blue&#8221; active_section=&#8221;1&#8243;][vc_tta_section title=&#8221;Escrit\u00f3rio de Gest\u00e3o Ismep&#8221; tab_id=&#8221;1723733130114-0210a1dc-3a43&#8243;][vc_column_text css=&#8221;&#8221;] Contratos | Escrit\u00f3rio de Gest\u00e3o Demonstrativos Financeiros Portarias\u00a0 Nosso time<\/p>\n","protected":false},"author":1,"featured_media":0,"parent":0,"menu_order":0,"comment_status":"closed","ping_status":"closed","template":"","meta":{"rs_blank_template":"","rs_page_bg_color":"","slide_template_v7":"","footnotes":""},"class_list":["post-918","page","type-page","status-publish","hentry","comments-off"],"_links":{"self":[{"href":"https:\/\/mefazumsite.com.br\/wp\/wp-json\/wp\/v2\/pages\/918","targetHints":{"allow":["GET"]}}],"collection":[{"href":"https:\/\/mefazumsite.com.br\/wp\/wp-json\/wp\/v2\/pages"}],"about":[{"href":"https:\/\/mefazumsite.com.br\/wp\/wp-json\/wp\/v2\/types\/page"}],"author":[{"embeddable":true,"href":"https:\/\/mefazumsite.com.br\/wp\/wp-json\/wp\/v2\/users\/1"}],"replies":[{"embeddable":true,"href":"https:\/\/mefazumsite.com.br\/wp\/wp-json\/wp\/v2\/comments?post=918"}],"version-history":[{"count":68,"href":"https:\/\/mefazumsite.com.br\/wp\/wp-json\/wp\/v2\/pages\/918\/revisions"}],"predecessor-version":[{"id":2220,"href":"https:\/\/mefazumsite.com.br\/wp\/wp-json\/wp\/v2\/pages\/918\/revisions\/2220"}],"wp:attachment":[{"href":"https:\/\/mefazumsite.com.br\/wp\/wp-json\/wp\/v2\/media?parent=918"}],"curies":[{"name":"wp","href":"https:\/\/api.w.org\/{rel}","templated":true}]}}